{"id":4113,"date":"2022-11-02T14:01:17","date_gmt":"2022-11-02T14:01:17","guid":{"rendered":"https:\/\/www.ambarpro.cl\/?post_type=product&#038;p=4113"},"modified":"2024-06-13T15:52:57","modified_gmt":"2024-06-13T15:52:57","slug":"proyector-laser-panasonic-pt-vmz50","status":"publish","type":"product","link":"https:\/\/www.ambarpro.cl\/index.php\/producto\/proyector-laser-panasonic-pt-vmz50\/","title":{"rendered":"PROYECTOR LASER PANASONIC PT-VMZ50"},"content":{"rendered":"<p><strong>LASER\u00a0 PANASONIC PT-VMZ50<\/strong><\/p>\n<p><strong>Caracteristicas:<\/strong><\/p>\n<p>LCD l\u00e1ser, 5000 l\u00famenes,<\/p>\n<p>RESOLUCION NATIVA WUXGA. (1920 X 1200 pixeles)<br \/>\nCuerpo compacto y liviano que brinda una imagen din\u00e1mica de alto brillo<br \/>\nLa fuente de luz l\u00e1ser de larga duraci\u00f3n proporciona un brillo constante<br \/>\nZoom de 1,6x y amplio desplazamiento horizontal y vertical de la lente para una instalaci\u00f3n flexible<br \/>\nLa fuente de luz l\u00e1ser de larga duraci\u00f3n y el dise\u00f1o de bajo mantenimiento proporcionan un alto brillo y una calidad de imagen excelente<\/p>\n<p>Brillante y compacto:<br \/>\nBrillo de 5000 lm con resoluci\u00f3n WUXGA de un cuerpo compacto y elegante de 15,87 libras (7,2 kg), este proyector empresarial lleva im\u00e1genes din\u00e1micas a cualquier espacio.<\/p>\n<p>Eficiencia suprema:<br \/>\nSOLID SHINE La fuente de luz l\u00e1ser ofrece 20.000 horas * 2 de brillo constante y precisi\u00f3n de color.<\/p>\n<p>Conexiones preparadas para el futuro:<br \/>\nPT VMZ50 cuenta con conexiones preparadas para el futuro que incluyen entrada de se\u00f1al 4K y enlace digital<br \/>\nEl proyector empresarial PT VMZ50 ofrece flexibilidad de instalaci\u00f3n con zoom de 1,6x, desplazamiento de lente V \/ H y una relaci\u00f3n de proyecci\u00f3n corta de 1,09: 1.<\/p>\n","protected":false},"excerpt":{"rendered":"<p>LASER\u00a0 PANASONIC PT-VMZ50 Caracteristicas: LCD l\u00e1ser, 5000 l\u00famenes, RESOLUCION NATIVA WUXGA. (1920 X 1200 pixeles) Cuerpo compacto y liviano que brinda una imagen din\u00e1mica de alto brillo La fuente de luz l\u00e1ser de larga duraci\u00f3n proporciona un brillo constante Zoom de 1,6x y amplio desplazamiento horizontal y vertical de la lente para una instalaci\u00f3n flexible [&hellip;]<\/p>\n","protected":false},"featured_media":4161,"comment_status":"open","ping_status":"closed","template":"","meta":{"_monsterinsights_skip_tracking":false,"_monsterinsights_sitenote_active":false,"_monsterinsights_sitenote_note":"","_monsterinsights_sitenote_category":0},"product_cat":[45],"product_tag":[],"aioseo_notices":[],"_links":{"self":[{"href":"https:\/\/www.ambarpro.cl\/index.php\/wp-json\/wp\/v2\/product\/4113"}],"collection":[{"href":"https:\/\/www.ambarpro.cl\/index.php\/wp-json\/wp\/v2\/product"}],"about":[{"href":"https:\/\/www.ambarpro.cl\/index.php\/wp-json\/wp\/v2\/types\/product"}],"replies":[{"embeddable":true,"href":"https:\/\/www.ambarpro.cl\/index.php\/wp-json\/wp\/v2\/comments?post=4113"}],"wp:featuredmedia":[{"embeddable":true,"href":"https:\/\/www.ambarpro.cl\/index.php\/wp-json\/wp\/v2\/media\/4161"}],"wp:attachment":[{"href":"https:\/\/www.ambarpro.cl\/index.php\/wp-json\/wp\/v2\/media?parent=4113"}],"wp:term":[{"taxonomy":"product_cat","embeddable":true,"href":"https:\/\/www.ambarpro.cl\/index.php\/wp-json\/wp\/v2\/product_cat?post=4113"},{"taxonomy":"product_tag","embeddable":true,"href":"https:\/\/www.ambarpro.cl\/index.php\/wp-json\/wp\/v2\/product_tag?post=4113"}],"curies":[{"name":"wp","href":"https:\/\/api.w.org\/{rel}","templated":true}]}}