{"id":4107,"date":"2022-11-02T13:54:45","date_gmt":"2022-11-02T13:54:45","guid":{"rendered":"https:\/\/www.ambarpro.cl\/?post_type=product&#038;p=4107"},"modified":"2024-06-13T15:49:51","modified_gmt":"2024-06-13T15:49:51","slug":"proyector-epson-powerlite-e10","status":"publish","type":"product","link":"https:\/\/www.ambarpro.cl\/index.php\/producto\/proyector-epson-powerlite-e10\/","title":{"rendered":"PROYECTOR EPSON POWERLITE E10+"},"content":{"rendered":"<p><strong>EPSON POWERLITE E-10+<\/strong><\/p>\n<p><strong>Especificaciones del Proyector:<\/strong><\/p>\n<p>Sistema de Proyecci\u00f3n: Tecnolog\u00eda Epson 3LCD de 3 chips<br \/>\nM\u00e9todo de Proyecci\u00f3n: Frontal \/ trasera \/ montaje techo<br \/>\nPantalla LCD: 0,55 pulgadas (C2fine)<br \/>\nM\u00e9todo de visualizaci\u00f3n: Poly-silicon TFT active matrix<br \/>\nN\u00famero de Pixeles: 786.432 pixeles (1.024 px x 768 px) x 3<br \/>\nLuminosidad en Color: 3.600 l\u00famenes<br \/>\nLuminosidad en Blanco: 3.600 l\u00famenes<br \/>\nRelaci\u00f3n de Aspecto: 4:3<br \/>\nResoluci\u00f3n Nativa: XGA<br \/>\nTipo de L\u00e1mpara: 210W UHE<br \/>\nVida \u00datil de la L\u00e1mpara:<br \/>\n\u2013 6.000 horas (normal)<br \/>\n\u2013 12.000 horas (Eco)<br \/>\nCorrecci\u00f3n de Trapecio: +\/-30 grados a +\/-30 grados<br \/>\nRelaci\u00f3n de Contraste: Hasta 15.000:1<br \/>\nReproducci\u00f3n del Color: Hasta 1 bill\u00f3n de colores<\/p>\n","protected":false},"excerpt":{"rendered":"<p>EPSON POWERLITE E-10+ Especificaciones del Proyector: Sistema de Proyecci\u00f3n: Tecnolog\u00eda Epson 3LCD de 3 chips M\u00e9todo de Proyecci\u00f3n: Frontal \/ trasera \/ montaje techo Pantalla LCD: 0,55 pulgadas (C2fine) M\u00e9todo de visualizaci\u00f3n: Poly-silicon TFT active matrix N\u00famero de Pixeles: 786.432 pixeles (1.024 px x 768 px) x 3 Luminosidad en Color: 3.600 l\u00famenes Luminosidad en [&hellip;]<\/p>\n","protected":false},"featured_media":4156,"comment_status":"open","ping_status":"closed","template":"","meta":{"_monsterinsights_skip_tracking":false,"_monsterinsights_sitenote_active":false,"_monsterinsights_sitenote_note":"","_monsterinsights_sitenote_category":0},"product_cat":[45],"product_tag":[],"aioseo_notices":[],"_links":{"self":[{"href":"https:\/\/www.ambarpro.cl\/index.php\/wp-json\/wp\/v2\/product\/4107"}],"collection":[{"href":"https:\/\/www.ambarpro.cl\/index.php\/wp-json\/wp\/v2\/product"}],"about":[{"href":"https:\/\/www.ambarpro.cl\/index.php\/wp-json\/wp\/v2\/types\/product"}],"replies":[{"embeddable":true,"href":"https:\/\/www.ambarpro.cl\/index.php\/wp-json\/wp\/v2\/comments?post=4107"}],"wp:featuredmedia":[{"embeddable":true,"href":"https:\/\/www.ambarpro.cl\/index.php\/wp-json\/wp\/v2\/media\/4156"}],"wp:attachment":[{"href":"https:\/\/www.ambarpro.cl\/index.php\/wp-json\/wp\/v2\/media?parent=4107"}],"wp:term":[{"taxonomy":"product_cat","embeddable":true,"href":"https:\/\/www.ambarpro.cl\/index.php\/wp-json\/wp\/v2\/product_cat?post=4107"},{"taxonomy":"product_tag","embeddable":true,"href":"https:\/\/www.ambarpro.cl\/index.php\/wp-json\/wp\/v2\/product_tag?post=4107"}],"curies":[{"name":"wp","href":"https:\/\/api.w.org\/{rel}","templated":true}]}}