{"id":4098,"date":"2022-11-02T13:41:48","date_gmt":"2022-11-02T13:41:48","guid":{"rendered":"https:\/\/www.ambarpro.cl\/?post_type=product&#038;p=4098"},"modified":"2024-06-13T15:48:44","modified_gmt":"2024-06-13T15:48:44","slug":"proyector-epson-homecinema-880","status":"publish","type":"product","link":"https:\/\/www.ambarpro.cl\/index.php\/producto\/proyector-epson-homecinema-880\/","title":{"rendered":"PROYECTOR EPSON HOMECINEMA 880"},"content":{"rendered":"<p><strong>EPSON HOMECINEMA 880<\/strong><\/p>\n<p>El Home Cinema 880 HD es el videoproyector ideal para la casa, permite que los videojuegos o los partidos de f\u00fatbol se vean en una pantalla grande y de gran calidad. Es muy sencillo de instalar, ya que tiene funciones especiales que facilitan su ubicaci\u00f3n en cualquier lugar de la sala de estar. La tecnolog\u00eda 3LCD ofrece im\u00e1genes claras, brillantes y llenas de color. Su resoluci\u00f3n Full HD 1080p y su luminosidad de 3.300 l\u00famenes en color2\u00a0y 3.300 en blanco2\u00a0lo convierten en la mejor opci\u00f3n para disfrutar en gran imagen tus pel\u00edculas o deportes favoritos.<\/p>\n<p>La tecnolog\u00eda 3LCD ofrece im\u00e1genes claras, brillantes y llenas de color. Su resoluci\u00f3n Full HD 1080p y su luminosidad de 3.300 l\u00famenes en color y 3.300 en blanco<sup>\u00a0<\/sup>lo convierten en la mejor opci\u00f3n para disfrutar en gran imagen tus pel\u00edculas o deportes favoritos.<\/p>\n<p>Sistema de correcci\u00f3n de imagen<\/p>\n<p>Alta definici\u00f3n<\/p>\n<p>Conectividad HDMI\u00ae<\/p>\n<p><strong>Sistema de correcci\u00f3n de imagen<\/strong>\u00a0a trav\u00e9s de la barra de correcci\u00f3n para una mejor colocaci\u00f3n en la sala de estar.<\/p>\n<p><strong>Alta definici\u00f3n:<\/strong>\u00a0im\u00e1genes nativas en resoluci\u00f3n Full HD 1080p.<\/p>\n<p><strong>Conectividad HDMI\u00ae:<\/strong>\u00a0para cualquier dispositivo, desde consolas de videojuegos, dispositivos streaming como Apple TV\u00ae o Chromecast\u2122.<\/p>\n<p><strong>L\u00e1mpara con una duraci\u00f3n de hasta 12.000 horas.<\/strong><\/p>\n<p><strong>Experiencia al natural:<\/strong>\u00a0colores hasta 3 veces m\u00e1s brillantes<sup>1<\/sup>. La tecnolog\u00eda 3LCD permite un balance m\u00e1s exacto entre la luz blanca y la de color para proyecciones realmente naturales.<\/p>\n<p>&nbsp;<\/p>\n","protected":false},"excerpt":{"rendered":"<p>EPSON HOMECINEMA 880 El Home Cinema 880 HD es el videoproyector ideal para la casa, permite que los videojuegos o los partidos de f\u00fatbol se vean en una pantalla grande y de gran calidad. Es muy sencillo de instalar, ya que tiene funciones especiales que facilitan su ubicaci\u00f3n en cualquier lugar de la sala de [&hellip;]<\/p>\n","protected":false},"featured_media":4157,"comment_status":"open","ping_status":"closed","template":"","meta":{"_monsterinsights_skip_tracking":false,"_monsterinsights_sitenote_active":false,"_monsterinsights_sitenote_note":"","_monsterinsights_sitenote_category":0},"product_cat":[45],"product_tag":[],"aioseo_notices":[],"_links":{"self":[{"href":"https:\/\/www.ambarpro.cl\/index.php\/wp-json\/wp\/v2\/product\/4098"}],"collection":[{"href":"https:\/\/www.ambarpro.cl\/index.php\/wp-json\/wp\/v2\/product"}],"about":[{"href":"https:\/\/www.ambarpro.cl\/index.php\/wp-json\/wp\/v2\/types\/product"}],"replies":[{"embeddable":true,"href":"https:\/\/www.ambarpro.cl\/index.php\/wp-json\/wp\/v2\/comments?post=4098"}],"wp:featuredmedia":[{"embeddable":true,"href":"https:\/\/www.ambarpro.cl\/index.php\/wp-json\/wp\/v2\/media\/4157"}],"wp:attachment":[{"href":"https:\/\/www.ambarpro.cl\/index.php\/wp-json\/wp\/v2\/media?parent=4098"}],"wp:term":[{"taxonomy":"product_cat","embeddable":true,"href":"https:\/\/www.ambarpro.cl\/index.php\/wp-json\/wp\/v2\/product_cat?post=4098"},{"taxonomy":"product_tag","embeddable":true,"href":"https:\/\/www.ambarpro.cl\/index.php\/wp-json\/wp\/v2\/product_tag?post=4098"}],"curies":[{"name":"wp","href":"https:\/\/api.w.org\/{rel}","templated":true}]}}