{"id":3337,"date":"2017-01-31T18:48:07","date_gmt":"2017-01-31T18:48:07","guid":{"rendered":"http:\/\/www.ambarpro.cl\/?page_id=3337"},"modified":"2017-02-01T20:36:15","modified_gmt":"2017-02-01T20:36:15","slug":"nosotros","status":"publish","type":"page","link":"https:\/\/www.ambarpro.cl\/index.php\/nosotros\/","title":{"rendered":"Nosotros"},"content":{"rendered":"<section  class='av_textblock_section av-av_textblock-0366cc7376be6c9e82a3e9cc8987b64f '   itemscope=\"itemscope\" itemtype=\"https:\/\/schema.org\/CreativeWork\" ><div class='avia_textblock'  itemprop=\"text\" ><p>Somos una empresa Chilena proveedora de equipos tecnol\u00f3gicos, con m\u00e1s de 20 a\u00f1os de experiencia en el mercado audiovisual.<\/p>\n<p>AMBARPRO es una empresa dedicada a la venta, arriendos, instalaciones e insumos audiovisuales. Contamos con los conocimientos necesarios para realizar un trabajo competente de buen funcionamiento en tiempos m\u00ednimos.<\/p>\n<\/div><\/section>\n<div  class='hr av-av_hr-dcd2069817a0e3d34ae04cad8f3443c7 hr-default  avia-builder-el-1  el_after_av_textblock  el_before_av_textblock '><span class='hr-inner '><span class=\"hr-inner-style\"><\/span><\/span><\/div>\n<section  class='av_textblock_section av-av_textblock-0366cc7376be6c9e82a3e9cc8987b64f '   itemscope=\"itemscope\" itemtype=\"https:\/\/schema.org\/CreativeWork\" ><div class='avia_textblock'  itemprop=\"text\" ><p>Nuestra Misi\u00f3n es brindar un servicio integral y al alcance de cada uno de nuestros clientes de acuerdo a las exigencias del mercado, mediante, innovaci\u00f3n, asesor\u00edas profesionales, tecnolog\u00eda, atenci\u00f3n, garant\u00eda \u00a0y calidad en los servicios ofrecidos.<\/p>\n<p>Tenemos la certeza de contar con las mejores marcas de mercado, adem\u00e1s de una amplia cartera de clientes.<\/p>\n<p>Si nos da la oportunidad, Ambarpro se transformar\u00e1 en su mejor aliado en la integraci\u00f3n \u00a0Audiovisual.<\/p>\n<\/div><\/section>\n","protected":false},"excerpt":{"rendered":"","protected":false},"author":3,"featured_media":0,"parent":0,"menu_order":0,"comment_status":"closed","ping_status":"closed","template":"","meta":{"_monsterinsights_skip_tracking":false,"_monsterinsights_sitenote_active":false,"_monsterinsights_sitenote_note":"","_monsterinsights_sitenote_category":0,"footnotes":""},"aioseo_notices":[],"_links":{"self":[{"href":"https:\/\/www.ambarpro.cl\/index.php\/wp-json\/wp\/v2\/pages\/3337"}],"collection":[{"href":"https:\/\/www.ambarpro.cl\/index.php\/wp-json\/wp\/v2\/pages"}],"about":[{"href":"https:\/\/www.ambarpro.cl\/index.php\/wp-json\/wp\/v2\/types\/page"}],"author":[{"embeddable":true,"href":"https:\/\/www.ambarpro.cl\/index.php\/wp-json\/wp\/v2\/users\/3"}],"replies":[{"embeddable":true,"href":"https:\/\/www.ambarpro.cl\/index.php\/wp-json\/wp\/v2\/comments?post=3337"}],"version-history":[{"count":4,"href":"https:\/\/www.ambarpro.cl\/index.php\/wp-json\/wp\/v2\/pages\/3337\/revisions"}],"predecessor-version":[{"id":3638,"href":"https:\/\/www.ambarpro.cl\/index.php\/wp-json\/wp\/v2\/pages\/3337\/revisions\/3638"}],"wp:attachment":[{"href":"https:\/\/www.ambarpro.cl\/index.php\/wp-json\/wp\/v2\/media?parent=3337"}],"curies":[{"name":"wp","href":"https:\/\/api.w.org\/{rel}","templated":true}]}}