{"id":3303,"date":"2017-01-30T06:55:07","date_gmt":"2017-01-30T06:55:07","guid":{"rendered":"http:\/\/www.ambarpro.cl\/?page_id=3303"},"modified":"2017-06-30T21:06:08","modified_gmt":"2017-06-30T21:06:08","slug":"servicio-tecnico-insumos-audiovisuales","status":"publish","type":"page","link":"https:\/\/www.ambarpro.cl\/index.php\/servicio-tecnico-insumos-audiovisuales\/","title":{"rendered":"Servicio t\u00e9cnico insumos audiovisuales"},"content":{"rendered":"<div id='fila_columna'  class='av-layout-grid-container av-av_layout_row-414da5f7a3b31d0dcca4f76fee12b618 entry-content-wrapper main_color av-flex-cells  avia-builder-el-0  avia-builder-el-no-sibling   container_wrap fullsize'  >\n<div class='flex_cell av-av_cell_two_third-ebe5280c498a4b568c7730bb0189ca45 av-gridrow-cell av_two_third no_margin  avia-builder-el-1  el_before_av_cell_one_third  avia-builder-el-first '  ><div class='flex_cell_inner'><p>\n<style type=\"text\/css\" data-created_by=\"avia_inline_auto\" id=\"style-css-av-av_heading-96dabe331131c4dc763124fd014a8400\">\n#top .av-special-heading.av-av_heading-96dabe331131c4dc763124fd014a8400{\npadding-bottom:10px;\n}\nbody .av-special-heading.av-av_heading-96dabe331131c4dc763124fd014a8400 .av-special-heading-tag .heading-char{\nfont-size:25px;\n}\n.av-special-heading.av-av_heading-96dabe331131c4dc763124fd014a8400 .av-subheading{\nfont-size:15px;\n}\n<\/style>\n<div  class='av-special-heading av-av_heading-96dabe331131c4dc763124fd014a8400 av-special-heading-h2  avia-builder-el-2  el_before_av_hr  avia-builder-el-first '><h2 class='av-special-heading-tag'  itemprop=\"headline\"  >Servicio T\u00e9cnico en Insumos Audiovisuales<\/h2><div class=\"special-heading-border\"><div class=\"special-heading-inner-border\"><\/div><\/div><\/div><br \/>\n<div  class='hr av-av_hr-7baa9936fe5691b53f4ae1c79d4cc23f hr-short  avia-builder-el-3  el_after_av_heading  el_before_av_textblock  hr-left'><span class='hr-inner '><span class=\"hr-inner-style\"><\/span><\/span><\/div><br \/>\n<section  class='av_textblock_section av-av_textblock-0366cc7376be6c9e82a3e9cc8987b64f '   itemscope=\"itemscope\" itemtype=\"https:\/\/schema.org\/CreativeWork\" ><div class='avia_textblock'  itemprop=\"text\" ><p>REPARAMOS EQUIPOS DE TODAS LAS MARCAS EN PROYECCI\u00d3N, SONIDO, TELEVISORES, DVDS, VHS, RADIOS PORT\u00c1TILES, ETC.<\/p>\n<p><strong>MANTENCIONES PREVENTIVAS<\/strong><\/p>\n<p>Limpieza de paneles, calibraci\u00f3n de paneles LCD, limpieza de filtros, turbinas, prisma, limpieza y alineamiento de toda la unidad \u00f3ptica (Lentes y Polarizadores), lubricaci\u00f3n, ajuste, revisi\u00f3n a todas las entradas y salidas de se\u00f1ales.<\/p>\n<\/div><\/section><br \/>\n<div  class='hr av-av_hr-7baa9936fe5691b53f4ae1c79d4cc23f hr-short  avia-builder-el-5  el_after_av_textblock  el_before_av_image  hr-left'><span class='hr-inner '><span class=\"hr-inner-style\"><\/span><\/span><\/div><br \/>\n\n<style type=\"text\/css\" data-created_by=\"avia_inline_auto\" id=\"style-css-av-av_image-550a0bdc9f3644d4c1d15427b4658421\">\n.avia-image-container.av-av_image-550a0bdc9f3644d4c1d15427b4658421 img.avia_image{\nbox-shadow:none;\n}\n.avia-image-container.av-av_image-550a0bdc9f3644d4c1d15427b4658421 .av-image-caption-overlay-center{\ncolor:#ffffff;\n}\n<\/style>\n<div  class='avia-image-container av-av_image-550a0bdc9f3644d4c1d15427b4658421 av-styling- avia-align-left  avia-builder-el-6  el_after_av_hr  avia-builder-el-last '   itemprop=\"image\" itemscope=\"itemscope\" itemtype=\"https:\/\/schema.org\/ImageObject\" ><div class=\"avia-image-container-inner\"><div class=\"avia-image-overlay-wrap\"><img decoding=\"async\" fetchpriority=\"high\" class='wp-image-3482 avia-img-lazy-loading-not-3482 avia_image ' src=\"https:\/\/www.ambarpro.cl\/wp-content\/uploads\/servicio-tecnico.jpg\" alt='' title='servicio-tecnico'  height=\"225\" width=\"300\"  itemprop=\"thumbnailUrl\"  \/><\/div><\/div><\/div><\/p>\n<\/div><\/div>\n<style type=\"text\/css\" data-created_by=\"avia_inline_auto\" id=\"style-css-av-av_cell_one_third-43e1347f4b91f5be7b750dcb985ea2cf\">\n.flex_cell.av-av_cell_one_third-43e1347f4b91f5be7b750dcb985ea2cf{\nvertical-align:top;\nbackground-color:#ed9600;\n}\n.responsive #top #wrap_all .flex_cell.av-av_cell_one_third-43e1347f4b91f5be7b750dcb985ea2cf{\npadding:30px 30px 30px 30px !important;\n}\n<\/style>\n<div class='flex_cell av-av_cell_one_third-43e1347f4b91f5be7b750dcb985ea2cf av-gridrow-cell av_one_third no_margin  avia-builder-el-7  el_after_av_cell_two_third  avia-builder-el-last '  ><div class='flex_cell_inner'><section  class='av_textblock_section av-av_textblock-0366cc7376be6c9e82a3e9cc8987b64f '   itemscope=\"itemscope\" itemtype=\"https:\/\/schema.org\/CreativeWork\" ><div class='avia_textblock'  itemprop=\"text\" >\n<div class=\"wpcf7 no-js\" id=\"wpcf7-f3640-o1\" lang=\"es-CL\" dir=\"ltr\">\n<div class=\"screen-reader-response\"><p role=\"status\" aria-live=\"polite\" aria-atomic=\"true\"><\/p> <ul><\/ul><\/div>\n<form action=\"\/index.php\/wp-json\/wp\/v2\/pages\/3303#wpcf7-f3640-o1\" method=\"post\" class=\"wpcf7-form init\" aria-label=\"Contact form\" novalidate=\"novalidate\" data-status=\"init\">\n<div style=\"display: none;\">\n<input type=\"hidden\" name=\"_wpcf7\" value=\"3640\" \/>\n<input type=\"hidden\" name=\"_wpcf7_version\" value=\"5.9.5\" \/>\n<input type=\"hidden\" name=\"_wpcf7_locale\" value=\"es_CL\" \/>\n<input type=\"hidden\" name=\"_wpcf7_unit_tag\" value=\"wpcf7-f3640-o1\" \/>\n<input type=\"hidden\" name=\"_wpcf7_container_post\" value=\"0\" \/>\n<input type=\"hidden\" name=\"_wpcf7_posted_data_hash\" value=\"\" \/>\n<input type=\"hidden\" name=\"_wpcf7_recaptcha_response\" value=\"\" \/>\n<\/div>\n<p><label> Tu Nombre (requerido)<br \/>\n<span class=\"wpcf7-form-control-wrap\" data-name=\"your-name\"><input size=\"40\" class=\"wpcf7-form-control wpcf7-text wpcf7-validates-as-required\" aria-required=\"true\" aria-invalid=\"false\" value=\"\" type=\"text\" name=\"your-name\" \/><\/span> <\/label>\n<\/p>\n<p><label> Tu Email (requerido)<br \/>\n<span class=\"wpcf7-form-control-wrap\" data-name=\"your-email\"><input size=\"40\" class=\"wpcf7-form-control wpcf7-email wpcf7-validates-as-required wpcf7-text wpcf7-validates-as-email\" aria-required=\"true\" aria-invalid=\"false\" value=\"\" type=\"email\" name=\"your-email\" \/><\/span> <\/label>\n<\/p>\n<p><label> Tu Tel\u00e9fono (requerido)<br \/>\n<span class=\"wpcf7-form-control-wrap\" data-name=\"your-telefono\"><input size=\"40\" class=\"wpcf7-form-control wpcf7-text wpcf7-validates-as-required\" aria-required=\"true\" aria-invalid=\"false\" value=\"\" type=\"text\" name=\"your-telefono\" \/><\/span> <\/label>\n<\/p>\n<p><label> Asunto (requerido)<br \/>\n<span class=\"wpcf7-form-control-wrap\" data-name=\"your-subject\"><input size=\"40\" class=\"wpcf7-form-control wpcf7-text wpcf7-validates-as-required\" aria-required=\"true\" aria-invalid=\"false\" value=\"\" type=\"text\" name=\"your-subject\" \/><\/span> <\/label>\n<\/p>\n<p><label> Tu Mensaje (requerido)<br \/>\n<span class=\"wpcf7-form-control-wrap\" data-name=\"your-message\"><textarea cols=\"40\" rows=\"10\" class=\"wpcf7-form-control wpcf7-textarea wpcf7-validates-as-required\" aria-required=\"true\" aria-invalid=\"false\" name=\"your-message\"><\/textarea><\/span> <\/label>\n<\/p>\n<span class=\"wpcf7-form-control-wrap recaptcha\" data-name=\"recaptcha\"><span data-sitekey=\"6LcIficUAAAAAKIYFwoI92WDE4g7CR2L3uGaB973\" class=\"wpcf7-form-control wpcf7-recaptcha g-recaptcha\"><\/span>\r\n<noscript>\r\n\t<div class=\"grecaptcha-noscript\">\r\n\t\t<iframe loading=\"lazy\" src=\"https:\/\/www.google.com\/recaptcha\/api\/fallback?k=6LcIficUAAAAAKIYFwoI92WDE4g7CR2L3uGaB973\" frameborder=\"0\" scrolling=\"no\" width=\"310\" height=\"430\">\r\n\t\t<\/iframe>\r\n\t\t<textarea name=\"g-recaptcha-response\" rows=\"3\" cols=\"40\" placeholder=\"reCaptcha Response Here\">\r\n\t\t<\/textarea>\r\n\t<\/div>\r\n<\/noscript>\r\n<\/span>\n<p><input class=\"wpcf7-form-control wpcf7-submit has-spinner\" type=\"submit\" value=\"Enviar\" \/>\n<\/p><div class=\"wpcf7-response-output\" aria-hidden=\"true\"><\/div>\n<\/form>\n<\/div>\n\n<\/div><\/section>\n<\/div><\/div><\/div>\n","protected":false},"excerpt":{"rendered":"","protected":false},"author":3,"featured_media":0,"parent":0,"menu_order":0,"comment_status":"closed","ping_status":"closed","template":"","meta":{"_monsterinsights_skip_tracking":false,"_monsterinsights_sitenote_active":false,"_monsterinsights_sitenote_note":"","_monsterinsights_sitenote_category":0,"footnotes":""},"aioseo_notices":[],"_links":{"self":[{"href":"https:\/\/www.ambarpro.cl\/index.php\/wp-json\/wp\/v2\/pages\/3303"}],"collection":[{"href":"https:\/\/www.ambarpro.cl\/index.php\/wp-json\/wp\/v2\/pages"}],"about":[{"href":"https:\/\/www.ambarpro.cl\/index.php\/wp-json\/wp\/v2\/types\/page"}],"author":[{"embeddable":true,"href":"https:\/\/www.ambarpro.cl\/index.php\/wp-json\/wp\/v2\/users\/3"}],"replies":[{"embeddable":true,"href":"https:\/\/www.ambarpro.cl\/index.php\/wp-json\/wp\/v2\/comments?post=3303"}],"version-history":[{"count":12,"href":"https:\/\/www.ambarpro.cl\/index.php\/wp-json\/wp\/v2\/pages\/3303\/revisions"}],"predecessor-version":[{"id":3709,"href":"https:\/\/www.ambarpro.cl\/index.php\/wp-json\/wp\/v2\/pages\/3303\/revisions\/3709"}],"wp:attachment":[{"href":"https:\/\/www.ambarpro.cl\/index.php\/wp-json\/wp\/v2\/media?parent=3303"}],"curies":[{"name":"wp","href":"https:\/\/api.w.org\/{rel}","templated":true}]}}